{"id":4118,"date":"2022-05-17T20:33:07","date_gmt":"2022-05-17T17:33:07","guid":{"rendered":"https:\/\/www.crypticcargo.com\/fi\/faq\/"},"modified":"2022-05-17T21:35:48","modified_gmt":"2022-05-17T18:35:48","slug":"faq","status":"publish","type":"page","link":"https:\/\/www.crypticcargo.com\/fi\/fi\/faq\/","title":{"rendered":"FAQ"},"content":{"rendered":"\n\n\n\n  <div class=\"banner has-hover\" id=\"banner-168837747\">\n          <div class=\"banner-inner fill\">\n        <div class=\"banner-bg fill\" >\n            <div class=\"bg fill bg-fill \"><\/div>\n                                    \n                    <\/div>\n        <div class=\"banner-layers container\">\n            <div class=\"fill banner-link\"><\/div>            \n\n   <div id=\"text-box-1703418378\" class=\"text-box banner-layer x50 md-x50 lg-x50 y50 md-y50 lg-y50 res-text\">\n                                <div class=\"text dark\">\n              \n              <div class=\"text-inner text-center\">\n                  \n\n<h3 class=\"uppercase\"><strong>FAQ &#8211; Usein kysytyt kysymykset<\/strong><\/h3>\n<p>T\u00e4lt\u00e4 sivulta l\u00f6yd\u00e4t usein kysytyt kysymyksemme.<\/p>\n\n              <\/div>\n           <\/div>\n                            \n<style>\n#text-box-1703418378 {\n  width: 60%;\n}\n#text-box-1703418378 .text {\n  font-size: 100%;\n}\n<\/style>\n    <\/div>\n \n\n        <\/div>\n      <\/div>\n\n            \n<style>\n#banner-168837747 {\n  padding-top: 500px;\n}\n#banner-168837747 .bg.bg-loaded {\n  background-image: url(https:\/\/www.crypticcargo.com\/fi\/wp-content\/uploads\/sites\/2\/2019\/03\/Cryptic_Cargo_helpcenter-1024x546.png);\n}\n<\/style>\n  <\/div>\n\n\n<div class=\"row\"  id=\"row-1134771566\">\n\n\n\t<div id=\"col-946853264\" class=\"col small-12 large-12\"  >\n\t\t<div class=\"col-inner\"  >\n\t\t\t\n\t\t\t\n\n<div class=\"accordion\" rel=\"\">\n\n<div class=\"accordion-item\"><a href=\"#\" class=\"accordion-title plain\"><button class=\"toggle\"><i class=\"icon-angle-down\"><\/i><\/button><span>Mik\u00e4 Cryptic Cargo on?<\/span><\/a><div class=\"accordion-inner\">\n\n<p>Cryptic Cargo tarjoaa Suomen j\u00e4nnitt\u00e4vimm\u00e4t siirrett\u00e4v\u00e4t pakohuonepelit!<\/p>\n<p>Konseptimme yhdist\u00e4\u00e4 pelivalmiin escape room -pelin, pakattuna helposti liikuteltavaan matkalaukkuun, ja mobiilisovelluksen, joka auttaa pelaajia tarjoamalla vinkkej\u00e4. Sovellus tuo el\u00e4mykseen my\u00f6s interaktiivisia vihjeit\u00e4 ja teht\u00e4vi\u00e4, ja mukaansatempaavan \u00e4\u00e4nimaailman. Nyt sin\u00e4 p\u00e4\u00e4t\u00e4t miss\u00e4, milloin ja miten haluat pelata pakohuonepeli\u00e4!<\/p>\n<p>Siirrett\u00e4vien pakopeliemme lis\u00e4ksi tarjoamme pakopelej\u00e4 isompiin tapahtumiin ja et\u00e4tapahtumiin.\u00a0<\/p>\n\n<\/div><\/div>\n<div class=\"accordion-item\"><a href=\"#\" class=\"accordion-title plain\"><button class=\"toggle\"><i class=\"icon-angle-down\"><\/i><\/button><span>Mit\u00e4 ovat siirrett\u00e4v\u00e4t pakohuonepelit?<\/span><\/a><div class=\"accordion-inner\">\n\n<p>Siirrett\u00e4v\u00e4t pakohuonepelit ovat tosiel\u00e4m\u00e4n pakopelien (pakohuoneet, escape rooms) alalaji. Tosiel\u00e4m\u00e4n pakopelit ovat loogiseen ongelmanratkaisuun pohjaavia pulmapelej\u00e4, joissa pelaajat p\u00e4\u00e4sev\u00e4t itse toimintasankarin rooliin ratkomaan j\u00e4nnitt\u00e4v\u00e4\u00e4 mysteeri\u00e4. Siirrett\u00e4v\u00e4t pakopelit tarjoavat saman j\u00e4nnitt\u00e4v\u00e4n tunnelman kuin perinteiset huoneet, mutta eroavat isoveljest\u00e4\u00e4n siin\u00e4, ett\u00e4 pelin voi pystytt\u00e4\u00e4 mihin tahansa tilaan.<\/p>\n\n<\/div><\/div>\n<div class=\"accordion-item\"><a href=\"#\" class=\"accordion-title plain\"><button class=\"toggle\"><i class=\"icon-angle-down\"><\/i><\/button><span>Miss\u00e4 Cryptic Cargo pelej\u00e4 voi pelata?<\/span><\/a><div class=\"accordion-inner\">\n\n<p>Voitte pelata Cryptic Cargoa aivan miss\u00e4 haluatte! Ainut mit\u00e4 peliin tarvitaan on taso, jolle saatte aseteltua peliesineet. K\u00e4tevimmin pelin ratkaisuun sopii p\u00f6yt\u00e4, mutta voitte aivan yht\u00e4 hyvin asetella esineet vaikka piknikviltille keskelle mets\u00e4\u00e4.<\/p>\n\n<\/div><\/div>\n<div class=\"accordion-item\"><a href=\"#\" class=\"accordion-title plain\"><button class=\"toggle\"><i class=\"icon-angle-down\"><\/i><\/button><span>Mill\u00e4 alueilla toimitte?<\/span><\/a><div class=\"accordion-inner\">\n\n<p>Cryptic Cargo on saatavilla kaikkialla Suomessa. P\u00e4\u00e4kaupunkiseudun lis\u00e4ksi, jossa itse operoimme, meill\u00e4 on Franchising kumppaneita useissa Suomen kaupungeissa, ja n\u00e4iden alueiden ulkopuolella voit tilata pelin Matkahuollon kuljetuksilla kaikille muille alueille Suomessa. Katso kumppanimme ymp\u00e4ri Suomea <a href=\"https:\/\/www.crypticcargo.com\/fi\/fi\/noutopisteemme\/\">t\u00e4\u00e4lt\u00e4.<\/a> Jos alueella ei ole kumppania, voit ostaa lahjakortin koko Suomeen <a href=\"https:\/\/www.crypticcargo.com\/fi\/fi\/tuote\/siirrettava-pakopeli-lahjakortti-koko-suomi\/\">t\u00e4\u00e4lt\u00e4<\/a>. Ostettuasi lahjakortin, l\u00e4het\u00e4 meille s\u00e4hk\u00f6postia contact [at] crypticcargo.com ja sovi kanssamme sinulle sopiva pelip\u00e4iv\u00e4!<\/p>\n<p>Yritystapahtumiin voitte kutsua Cryptic Cargon koko Suomessa.\u00a0<\/p>\n\n<\/div><\/div>\n<div class=\"accordion-item\"><a href=\"#\" class=\"accordion-title plain\"><button class=\"toggle\"><i class=\"icon-angle-down\"><\/i><\/button><span>Voinko tilata Cryptic Cargon yritystapahtumaamme?<\/span><\/a><div class=\"accordion-inner\">\n\n<p>Ehdottomasti! Cryptic Cargon siirrett\u00e4v\u00e4t escape room pelit ovat erinomainen valinta kaikenlaisiin yritystapahtumiin.\u00a0<\/p>\n<p>Voitte pelata toimistolla, erilaisissa tapahtumissa tai vaikka tykyp\u00e4iv\u00e4n m\u00f6kkiretriitill\u00e4! Tarjoamme toinen toistaan j\u00e4nnitt\u00e4v\u00e4mpi\u00e4 pakopelivaihtoehtoja 1-500 hengen tapahtumiin, ja meilt\u00e4 on saatavilla useita eri teemaisia pelej\u00e4 eri pelipituuksilla. Lyhin pakopelimme Lumorium kest\u00e4\u00e4 vain 5 minuuttia, ja pisin pelimme The Outbreak 1,5 tuntia.\u00a0\u00a0<\/p>\n<p>Yksi syy miksi Cryptic Cargon liikuteltavat pakopelit ovat erinomainen vaihtoehto yritystapahtumiin on se, ett\u00e4 voit aina valita haluatko pelata vain oman porukan kesken, vai haluatko mukaan peliohjaajan, joka hoitaa kaiken peleihin liittyv\u00e4n puolestanne. T\u00e4ll\u00e4 tavoin pakopeli\u00e4 p\u00e4\u00e4see pelaamaan jokaisella budjetilla!<\/p>\n<p>Pelimme ovat saatavilla suomeksi ja englanniksi, ja voitte kisailla pakopelimestarin tittelist\u00e4 sovelluksemme tarjoamilla pelipisteill\u00e4. Teemme tapahtumia koko Suomessa.\u00a0<\/p>\n<p>Voit lukea lis\u00e4\u00e4 <a href=\"https:\/\/www.crypticcargo.com\/fi\/fi\/yritystapahtumat\/\">Yritystapahtumat-sivulta.\u00a0<\/a><\/p>\n\n<\/div><\/div>\n<div class=\"accordion-item\"><a href=\"#\" class=\"accordion-title plain\"><button class=\"toggle\"><i class=\"icon-angle-down\"><\/i><\/button><span>Mik\u00e4 on sopiva henkil\u00f6m\u00e4\u00e4r\u00e4 Cryptic Cargo tapahtumissa?<\/span><\/a><div class=\"accordion-inner\">\n\n<p><span style=\"font-size: 14.4px\">Meill\u00e4 on useita erilaisia siirrett\u00e4vi\u00e4 pakopelikokonaisuuksia, ja voikin sanoa, ett\u00e4 pelimme sopivat kaikenkokoisiin tapahtumiin ja tilaisuuksiin aina yhden hengen pelist\u00e4 500+ hengen koko organisaation kattaviin tapahtumiin. Jokaista peli\u00e4mme voi tilata tilaisuuteen useamman, jolloin useampi ryhm\u00e4 voi pelata samaan aikaan. The Outbreakin maksimiryhm\u00e4koko peli\u00e4 kohden on 7 henkil\u00f6\u00e4, ja The Countdownin 6 henkil\u00f6\u00e4. IllegAI pakopeli\u00e4mme voi pelata samanaikaisesti rajaton m\u00e4\u00e4r\u00e4 ryhmi\u00e4. Lumorium minipakopeli soveltuu kaikenkokoisiin tapahtumiin sivuohjelmaksi, ja yksitt\u00e4ist\u00e4 peli\u00e4 voi pelata tunnissa jopa yli 40 henkil\u00f6\u00e4.\u00a0<\/span><\/p>\n<p><span style=\"font-size: 14.4px\">Voit lukea lis\u00e4\u00e4 <\/span><a style=\"font-size: 14.4px\" href=\"https:\/\/www.crypticcargo.com\/fi\/fi\/yritystapahtumat\/\">Yritystapahtumat-sivulta.\u00a0<\/a><\/p>\n\n<\/div><\/div>\n<div class=\"accordion-item\"><a href=\"#\" class=\"accordion-title plain\"><button class=\"toggle\"><i class=\"icon-angle-down\"><\/i><\/button><span>Miksi Cryptic Cargon pakopelit ovat niin j\u00e4nnitt\u00e4vi\u00e4?<\/span><\/a><div class=\"accordion-inner\">\n\n<p>T\u00e4h\u00e4n on tietysti monta syyt\u00e4. Palkitut pakopelimme voidaan pystytt\u00e4\u00e4 mihin vain tilaan, ja kiitos ainutlaatuisen Cryptic Cargo -sovelluksen, niiden pelaaminen tuntuu aina yht\u00e4 j\u00e4nnitt\u00e4v\u00e4lt\u00e4 kuin perinteinen huoneeseen rakennettu pakopeli. Pakopelimme on suunniteltu viem\u00e4\u00e4n pelaajat menness\u00e4\u00e4n t\u00e4ysin uusiin ulottuvuuksiin, kun aikapaineen alla suoritettavat j\u00e4nnitt\u00e4v\u00e4t teht\u00e4v\u00e4t kutkuttavat \u00e4lynystyr\u00f6it\u00e4 tiimity\u00f6t\u00e4 vaativassa tarinallisessa pelihaasteessa.<\/p>\n\n<\/div><\/div>\n<div class=\"accordion-item\"><a href=\"#\" class=\"accordion-title plain\"><button class=\"toggle\"><i class=\"icon-angle-down\"><\/i><\/button><span>Mist\u00e4 l\u00f6yd\u00e4n tietosuojalausuntonne?<\/span><\/a><div class=\"accordion-inner\">\n\n<p>L\u00f6yd\u00e4t tietosuojalausuntomme <a href=\"https:\/\/www.crypticcargo.com\/fi\/fi\/tietosuoja\/\">t\u00e4\u00e4lt\u00e4.<\/a><\/p>\n\n<\/div><\/div>\n<div class=\"accordion-item\"><a href=\"#\" class=\"accordion-title plain\"><button class=\"toggle\"><i class=\"icon-angle-down\"><\/i><\/button><span>Mist\u00e4 l\u00f6yd\u00e4n ev\u00e4stek\u00e4yt\u00e4nteenne?<\/span><\/a><div class=\"accordion-inner\">\n\n<p>L\u00f6td\u00e4t ev\u00e4stek\u00e4yt\u00e4nteemme <a href=\"https:\/\/www.crypticcargo.com\/fi\/fi\/tietosuoja\/\">t\u00e4\u00e4lt\u00e4.<\/a><\/p>\n\n<\/div><\/div>\n<div class=\"accordion-item\"><a href=\"#\" class=\"accordion-title plain\"><button class=\"toggle\"><i class=\"icon-angle-down\"><\/i><\/button><span>Mist\u00e4 l\u00f6yd\u00e4n palvelun ehdot ja peruutusehtonne?<\/span><\/a><div class=\"accordion-inner\">\n\n<p>L\u00f6yd\u00e4t myynti- ja toimitusehtomme <a href=\"https:\/\/www.crypticcargo.com\/fi\/fi\/myynti-ja-toimitusehdot\/\">t\u00e4\u00e4lt\u00e4<\/a>. Peruutusehtomme l\u00f6ytyv\u00e4t samalta sivulta.\u00a0<\/p>\n\n<\/div><\/div>\n\n<\/div>\n\n\t\t<\/div>\n\t\t\t<\/div>\n\n\t\n\n<\/div>\n\n","protected":false},"excerpt":{"rendered":"","protected":false},"author":3,"featured_media":0,"parent":0,"menu_order":0,"comment_status":"closed","ping_status":"closed","template":"","meta":{"spay_email":""},"yoast_head":"<!-- This site is optimized with the Yoast SEO Premium plugin v15.6.2 - https:\/\/yoast.com\/wordpress\/plugins\/seo\/ -->\n<title>FAQ - Cryptic Cargo Suomi<\/title>\n<meta name=\"robots\" content=\"index, follow, max-snippet:-1, max-image-preview:large, max-video-preview:-1\" \/>\n<link rel=\"canonical\" href=\"https:\/\/www.crypticcargo.com\/fi\/fi\/faq\/\" \/>\n<meta property=\"og:locale\" content=\"fi_FI\" \/>\n<meta property=\"og:type\" content=\"article\" \/>\n<meta property=\"og:title\" content=\"FAQ - Cryptic Cargo Suomi\" \/>\n<meta property=\"og:url\" content=\"https:\/\/www.crypticcargo.com\/fi\/fi\/faq\/\" \/>\n<meta property=\"og:site_name\" content=\"Cryptic Cargo Suomi\" \/>\n<meta property=\"article:publisher\" content=\"https:\/\/www.facebook.com\/crypticcargo\/\" \/>\n<meta property=\"article:modified_time\" content=\"2022-05-17T18:35:48+00:00\" \/>\n<meta property=\"og:image\" content=\"https:\/\/www.crypticcargo.com\/fi\/wp-content\/uploads\/sites\/2\/2019\/05\/CrypticCargo_FBSharepicture_smalljpg.jpg\" \/>\n\t<meta property=\"og:image:width\" content=\"886\" \/>\n\t<meta property=\"og:image:height\" content=\"664\" \/>\n<meta name=\"twitter:card\" content=\"summary_large_image\" \/>\n<meta name=\"twitter:site\" content=\"@CrypticCargo\" \/>\n<meta name=\"twitter:label1\" content=\"Arvioitu lukuaika\">\n\t<meta name=\"twitter:data1\" content=\"3 minuuttia\">\n<script type=\"application\/ld+json\" class=\"yoast-schema-graph\">{\"@context\":\"https:\/\/schema.org\",\"@graph\":[{\"@type\":\"Organization\",\"@id\":\"https:\/\/www.crypticcargo.com\/fi\/fi\/#organization\",\"name\":\"Cryptic Cargo Ltd Oy\",\"url\":\"https:\/\/www.crypticcargo.com\/fi\/fi\/\",\"sameAs\":[\"https:\/\/www.facebook.com\/crypticcargo\/\",\"https:\/\/www.instagram.com\/crypticcargo\/\",\"https:\/\/www.linkedin.com\/company\/crypticcargo\/\",\"https:\/\/www.youtube.com\/channel\/UCixXBxP9DLGJuKtpR21REpQ\",\"https:\/\/twitter.com\/CrypticCargo\"],\"logo\":{\"@type\":\"ImageObject\",\"@id\":\"https:\/\/www.crypticcargo.com\/fi\/fi\/#logo\",\"inLanguage\":\"fi\",\"url\":\"https:\/\/www.crypticcargo.com\/fi\/wp-content\/uploads\/sites\/2\/2019\/05\/CC-suitcase-icon-small-with-dropshadow.png\",\"width\":470,\"height\":482,\"caption\":\"Cryptic Cargo Ltd Oy\"},\"image\":{\"@id\":\"https:\/\/www.crypticcargo.com\/fi\/fi\/#logo\"}},{\"@type\":\"WebSite\",\"@id\":\"https:\/\/www.crypticcargo.com\/fi\/fi\/#website\",\"url\":\"https:\/\/www.crypticcargo.com\/fi\/fi\/\",\"name\":\"Cryptic Cargo Finland\",\"description\":\"Aidosti liikuteltavat escape roomit\",\"publisher\":{\"@id\":\"https:\/\/www.crypticcargo.com\/fi\/fi\/#organization\"},\"potentialAction\":[{\"@type\":\"SearchAction\",\"target\":\"https:\/\/www.crypticcargo.com\/fi\/fi\/?s={search_term_string}\",\"query-input\":\"required name=search_term_string\"}],\"inLanguage\":\"fi\"},{\"@type\":\"WebPage\",\"@id\":\"https:\/\/www.crypticcargo.com\/fi\/fi\/faq\/#webpage\",\"url\":\"https:\/\/www.crypticcargo.com\/fi\/fi\/faq\/\",\"name\":\"FAQ - Cryptic Cargo Suomi\",\"isPartOf\":{\"@id\":\"https:\/\/www.crypticcargo.com\/fi\/fi\/#website\"},\"datePublished\":\"2022-05-17T17:33:07+00:00\",\"dateModified\":\"2022-05-17T18:35:48+00:00\",\"inLanguage\":\"fi\",\"potentialAction\":[{\"@type\":\"ReadAction\",\"target\":[\"https:\/\/www.crypticcargo.com\/fi\/fi\/faq\/\"]}]}]}<\/script>\n<!-- \/ Yoast SEO Premium plugin. -->","_links":{"self":[{"href":"https:\/\/www.crypticcargo.com\/fi\/fi\/wp-json\/wp\/v2\/pages\/4118"}],"collection":[{"href":"https:\/\/www.crypticcargo.com\/fi\/fi\/wp-json\/wp\/v2\/pages"}],"about":[{"href":"https:\/\/www.crypticcargo.com\/fi\/fi\/wp-json\/wp\/v2\/types\/page"}],"author":[{"embeddable":true,"href":"https:\/\/www.crypticcargo.com\/fi\/fi\/wp-json\/wp\/v2\/users\/3"}],"replies":[{"embeddable":true,"href":"https:\/\/www.crypticcargo.com\/fi\/fi\/wp-json\/wp\/v2\/comments?post=4118"}],"version-history":[{"count":12,"href":"https:\/\/www.crypticcargo.com\/fi\/fi\/wp-json\/wp\/v2\/pages\/4118\/revisions"}],"predecessor-version":[{"id":4130,"href":"https:\/\/www.crypticcargo.com\/fi\/fi\/wp-json\/wp\/v2\/pages\/4118\/revisions\/4130"}],"wp:attachment":[{"href":"https:\/\/www.crypticcargo.com\/fi\/fi\/wp-json\/wp\/v2\/media?parent=4118"}],"curies":[{"name":"wp","href":"https:\/\/api.w.org\/{rel}","templated":true}]}}