{"id":351,"date":"2019-03-01T20:03:45","date_gmt":"2019-03-01T20:03:45","guid":{"rendered":"https:\/\/www.crypticcargo.com\/fi\/?page_id=351"},"modified":"2024-05-20T12:30:04","modified_gmt":"2024-05-20T09:30:04","slug":"pick-up-partners","status":"publish","type":"page","link":"https:\/\/www.crypticcargo.com\/fi\/en\/pick-up-partners\/","title":{"rendered":"Our Pick-up Locations"},"content":{"rendered":"\n\n  <div class=\"banner has-hover is-full-height has-parallax\" id=\"banner-1442792206\">\n          <div class=\"banner-inner fill\">\n        <div class=\"banner-bg fill\" data-parallax=\"-3\" data-parallax-container=\".banner\" data-parallax-background>\n            <div class=\"bg fill bg-fill \"><\/div>\n                        <div class=\"overlay\"><\/div>            \n                    <\/div>\n        <div class=\"banner-layers container\">\n            <div class=\"fill banner-link\"><\/div>            \n\n   <div id=\"text-box-463304044\" class=\"text-box banner-layer x50 md-x50 lg-x50 y50 md-y50 lg-y50 res-text\">\n                                <div class=\"text dark\">\n              \n              <div class=\"text-inner text-center\">\n                  \n\n<h3 class=\"uppercase\"><strong>Cryptic Cargo around Finland<\/strong><\/h3>\n<p>You can play our games all over Finland! You can book your events and games through our home page.<\/p>\n<p>Cryptic Cargo portable escape room games are also available also in<strong>\u00a0Turku, Pori, Rauma<\/strong>\u00a0and\u00a0<strong>Keski-Uusimaa area<\/strong> (Hyvink\u00e4\u00e4, Tuusula, J\u00e4rvenp\u00e4\u00e4, Nurmij\u00e4rvi, Sipoo, Vihti, Kerava) through our partners.<\/p>\n<p>To find the right partner in your area, click below!\u00a0<\/p>\n<p>\u00a0<\/p>\n\n              <\/div>\n           <\/div>\n                            \n<style>\n#text-box-463304044 {\n  width: 60%;\n}\n#text-box-463304044 .text {\n  font-size: 100%;\n}\n<\/style>\n    <\/div>\n \n\n        <\/div>\n      <\/div>\n\n            \n<style>\n#banner-1442792206 {\n  padding-top: 100%;\n}\n#banner-1442792206 .bg.bg-loaded {\n  background-image: url(https:\/\/www.crypticcargo.com\/fi\/wp-content\/uploads\/sites\/2\/2019\/03\/Crypticcargo-in-the-city-hongkong1.png);\n}\n#banner-1442792206 .overlay {\n  background-color: rgba(0, 0, 0, 0.76);\n}\n<\/style>\n  <\/div>\n\n\n<div class=\"row\"  id=\"row-1446812809\">\n\n\n\t<div id=\"col-1507417569\" class=\"col medium-6 small-12 large-6\"  >\n\t\t<div class=\"col-inner\"  >\n\t\t\t\n\t\t\t\n\n    <div class=\"box has-hover hidden has-hover box-text-bottom\" >\n\n                  <div class=\"box-image \" style=\"width:44%;\">\n           <div class=\"box-image-inner image-cover\" style=\"border-radius:100%;padding-top:100%;\">\n              <img width=\"225\" height=\"225\" src=\"https:\/\/www.crypticcargo.com\/fi\/wp-content\/uploads\/sites\/2\/2019\/03\/Punavuoren-ahven.png\" class=\"attachment- size-\" alt=\"\" srcset=\"https:\/\/www.crypticcargo.com\/fi\/wp-content\/uploads\/sites\/2\/2019\/03\/Punavuoren-ahven.png 225w, https:\/\/www.crypticcargo.com\/fi\/wp-content\/uploads\/sites\/2\/2019\/03\/Punavuoren-ahven-150x150.png 150w, https:\/\/www.crypticcargo.com\/fi\/wp-content\/uploads\/sites\/2\/2019\/03\/Punavuoren-ahven-100x100.png 100w\" sizes=\"(max-width: 225px) 100vw, 225px\" \/>                         <\/div>\n          <\/div>\n         \n          <div class=\"box-text text-center\" >\n                <div class=\"box-text-inner\">\n                  <h4 class=\"uppercase\">\n                    <span class=\"person-name\">Punavuoren Ahven<\/span><br\/>\n                    <span class=\"person-title is-small thin-font op-7\">\n                      Pick-up and Game area                    <\/span>\n                  <\/h4>\n                 <div class=\"social-icons follow-icons\" ><\/div>                 \n\n<p>Punavuoren Ahven is located in the heart of Punavuori and offers a great variety of special beers and friendly service.&nbsp;<\/p>\n<p>&nbsp;<\/p>\n<p>You can both pick up Cryptic Cargo games from the restaurant, and play in their cabinet during your visit!&nbsp;&nbsp;<\/p>\n\n                <\/div>\n          <\/div>\n    <\/div>\n\n    \n    \n\n\t\t<\/div>\n\t\t\t<\/div>\n\n\t\n\n<\/div>\n<div class=\"row\"  id=\"row-461756026\">\n\n\n\t<div id=\"col-1498515992\" class=\"col medium-7 small-12 large-7\"  >\n\t\t<div class=\"col-inner\"  >\n\t\t\t\n\t\t\t\n\n<a href=\"https:\/\/www.crypticcargo.com\/fi\/en\/shop\/\" target=\"_self\" class=\"button primary is-shade is-larger box-shadow-4 box-shadow-5-hover expand\"  style=\"border-radius:10px;\">\n    <span>Rest of finland<\/span>\n  <\/a>\n\n\n\n\t\t<\/div>\n\t\t\t<\/div>\n\n\t\n\n\t<div id=\"col-2130272001\" class=\"col medium-5 small-12 large-5\"  >\n\t\t<div class=\"col-inner\"  >\n\t\t\t\n\t\t\t\n\n<a href=\"https:\/\/www.crypticcargo.com\/fi\/en\/corporate-events\/\" target=\"_self\" class=\"button primary is-shade is-larger box-shadow-4 box-shadow-5-hover expand\"  style=\"border-radius:10px;\">\n    <span>Events<\/span>\n  <\/a>\n\n\n\n\t\t<\/div>\n\t\t\t<\/div>\n\n\t\n\n<\/div>\n<div class=\"row\"  id=\"row-467073804\">\n\n\n\t<div id=\"col-1787985704\" class=\"col medium-6 small-12 large-6\"  >\n\t\t<div class=\"col-inner\"  >\n\t\t\t\n\t\t\t\n\n<a href=\"https:\/\/www.kivaajuhliisi.fi\/\" target=\"_self\" class=\"button primary is-shade is-larger box-shadow-4 box-shadow-5-hover expand\"  style=\"border-radius:10px;\">\n    <span>Keski-Uusimaa<\/span>\n  <\/a>\n\n\n\n\t\t<\/div>\n\t\t\t<\/div>\n\n\t\n\n\t<div id=\"col-2111015612\" class=\"col medium-6 small-12 large-6\"  >\n\t\t<div class=\"col-inner\"  >\n\t\t\t\n\t\t\t\n\n<a href=\"https:\/\/pakene.fi\/tuote\/the-outbreak-uhka-ulkoavaruudesta\/\" target=\"_self\" class=\"button primary is-shade is-larger box-shadow-4 box-shadow-5-hover expand\"  style=\"border-radius:10px;\">\n    <span>Turku, Rauma, Pori<\/span>\n  <\/a>\n\n\n\n\t\t<\/div>\n\t\t\t<\/div>\n\n\t\n\n<\/div>\n\n","protected":false},"excerpt":{"rendered":"","protected":false},"author":3,"featured_media":0,"parent":0,"menu_order":0,"comment_status":"closed","ping_status":"closed","template":"page-blank.php","meta":{"spay_email":""},"yoast_head":"<!-- This site is optimized with the Yoast SEO Premium plugin v15.6.2 - https:\/\/yoast.com\/wordpress\/plugins\/seo\/ -->\n<title>Our Pick-up Locations - Cryptic Cargo Finland<\/title>\n<meta name=\"robots\" content=\"index, follow, max-snippet:-1, max-image-preview:large, max-video-preview:-1\" \/>\n<link rel=\"canonical\" href=\"https:\/\/www.crypticcargo.com\/fi\/en\/pick-up-partners\/\" \/>\n<meta property=\"og:locale\" content=\"en_US\" \/>\n<meta property=\"og:type\" content=\"article\" \/>\n<meta property=\"og:title\" content=\"Our Pick-up Locations - Cryptic Cargo Finland\" \/>\n<meta property=\"og:url\" content=\"https:\/\/www.crypticcargo.com\/fi\/en\/pick-up-partners\/\" \/>\n<meta property=\"og:site_name\" content=\"Cryptic Cargo Finland\" \/>\n<meta property=\"article:publisher\" content=\"https:\/\/www.facebook.com\/crypticcargo\/\" \/>\n<meta property=\"article:modified_time\" content=\"2024-05-20T09:30:04+00:00\" \/>\n<meta property=\"og:image\" content=\"https:\/\/www.crypticcargo.com\/fi\/wp-content\/uploads\/sites\/2\/2019\/05\/CrypticCargo_FBSharepicture_smalljpg.jpg\" \/>\n\t<meta property=\"og:image:width\" content=\"886\" \/>\n\t<meta property=\"og:image:height\" content=\"664\" \/>\n<meta name=\"twitter:card\" content=\"summary_large_image\" \/>\n<meta name=\"twitter:site\" content=\"@CrypticCargo\" \/>\n<meta name=\"twitter:label1\" content=\"Est. reading time\">\n\t<meta name=\"twitter:data1\" content=\"1 minute\">\n<script type=\"application\/ld+json\" class=\"yoast-schema-graph\">{\"@context\":\"https:\/\/schema.org\",\"@graph\":[{\"@type\":\"Organization\",\"@id\":\"https:\/\/www.crypticcargo.com\/fi\/fi\/#organization\",\"name\":\"Cryptic Cargo Ltd Oy\",\"url\":\"https:\/\/www.crypticcargo.com\/fi\/fi\/\",\"sameAs\":[\"https:\/\/www.facebook.com\/crypticcargo\/\",\"https:\/\/www.instagram.com\/crypticcargo\/\",\"https:\/\/www.linkedin.com\/company\/crypticcargo\/\",\"https:\/\/www.youtube.com\/channel\/UCixXBxP9DLGJuKtpR21REpQ\",\"https:\/\/twitter.com\/CrypticCargo\"],\"logo\":{\"@type\":\"ImageObject\",\"@id\":\"https:\/\/www.crypticcargo.com\/fi\/fi\/#logo\",\"inLanguage\":\"en-US\",\"url\":\"https:\/\/www.crypticcargo.com\/fi\/wp-content\/uploads\/sites\/2\/2019\/05\/CC-suitcase-icon-small-with-dropshadow.png\",\"width\":470,\"height\":482,\"caption\":\"Cryptic Cargo Ltd Oy\"},\"image\":{\"@id\":\"https:\/\/www.crypticcargo.com\/fi\/fi\/#logo\"}},{\"@type\":\"WebSite\",\"@id\":\"https:\/\/www.crypticcargo.com\/fi\/fi\/#website\",\"url\":\"https:\/\/www.crypticcargo.com\/fi\/fi\/\",\"name\":\"Cryptic Cargo Finland\",\"description\":\"Portable escape rooms\",\"publisher\":{\"@id\":\"https:\/\/www.crypticcargo.com\/fi\/fi\/#organization\"},\"potentialAction\":[{\"@type\":\"SearchAction\",\"target\":\"https:\/\/www.crypticcargo.com\/fi\/fi\/?s={search_term_string}\",\"query-input\":\"required name=search_term_string\"}],\"inLanguage\":\"en-US\"},{\"@type\":\"WebPage\",\"@id\":\"https:\/\/www.crypticcargo.com\/fi\/en\/pick-up-partners\/#webpage\",\"url\":\"https:\/\/www.crypticcargo.com\/fi\/en\/pick-up-partners\/\",\"name\":\"Our Pick-up Locations - Cryptic Cargo Finland\",\"isPartOf\":{\"@id\":\"https:\/\/www.crypticcargo.com\/fi\/fi\/#website\"},\"datePublished\":\"2019-03-01T20:03:45+00:00\",\"dateModified\":\"2024-05-20T09:30:04+00:00\",\"inLanguage\":\"en-US\",\"potentialAction\":[{\"@type\":\"ReadAction\",\"target\":[\"https:\/\/www.crypticcargo.com\/fi\/en\/pick-up-partners\/\"]}]}]}<\/script>\n<!-- \/ Yoast SEO Premium plugin. -->","_links":{"self":[{"href":"https:\/\/www.crypticcargo.com\/fi\/en\/wp-json\/wp\/v2\/pages\/351"}],"collection":[{"href":"https:\/\/www.crypticcargo.com\/fi\/en\/wp-json\/wp\/v2\/pages"}],"about":[{"href":"https:\/\/www.crypticcargo.com\/fi\/en\/wp-json\/wp\/v2\/types\/page"}],"author":[{"embeddable":true,"href":"https:\/\/www.crypticcargo.com\/fi\/en\/wp-json\/wp\/v2\/users\/3"}],"replies":[{"embeddable":true,"href":"https:\/\/www.crypticcargo.com\/fi\/en\/wp-json\/wp\/v2\/comments?post=351"}],"version-history":[{"count":36,"href":"https:\/\/www.crypticcargo.com\/fi\/en\/wp-json\/wp\/v2\/pages\/351\/revisions"}],"predecessor-version":[{"id":5314,"href":"https:\/\/www.crypticcargo.com\/fi\/en\/wp-json\/wp\/v2\/pages\/351\/revisions\/5314"}],"wp:attachment":[{"href":"https:\/\/www.crypticcargo.com\/fi\/en\/wp-json\/wp\/v2\/media?parent=351"}],"curies":[{"name":"wp","href":"https:\/\/api.w.org\/{rel}","templated":true}]}}